{"id":53,"date":"2024-06-26T12:32:14","date_gmt":"2024-06-26T12:32:14","guid":{"rendered":"https:\/\/exploringhighlanders.com\/?page_id=53"},"modified":"2025-08-28T22:40:52","modified_gmt":"2025-08-28T21:40:52","slug":"europa-2","status":"publish","type":"page","link":"https:\/\/exploringhighlanders.com\/en\/europa-2\/","title":{"rendered":"Destinations"},"content":{"rendered":"<div class=\"wp-block-cover\"><img fetchpriority=\"high\" decoding=\"async\" width=\"1024\" height=\"768\" class=\"wp-block-cover__image-background wp-image-328\" alt=\"\" src=\"https:\/\/exploringhighlanders.com\/wp-content\/uploads\/2024\/08\/IMG_4739-1024x768.jpg\" data-object-fit=\"cover\" srcset=\"https:\/\/exploringhighlanders.com\/wp-content\/uploads\/2024\/08\/IMG_4739-1024x768.jpg 1024w, https:\/\/exploringhighlanders.com\/wp-content\/uploads\/2024\/08\/IMG_4739-300x225.jpg 300w, https:\/\/exploringhighlanders.com\/wp-content\/uploads\/2024\/08\/IMG_4739-768x576.jpg 768w, https:\/\/exploringhighlanders.com\/wp-content\/uploads\/2024\/08\/IMG_4739-16x12.jpg 16w, https:\/\/exploringhighlanders.com\/wp-content\/uploads\/2024\/08\/IMG_4739.jpg 1440w\" sizes=\"(max-width: 1024px) 100vw, 1024px\" \/><span aria-hidden=\"true\" class=\"wp-block-cover__background has-background-dim\"><\/span><div class=\"wp-block-cover__inner-container is-layout-flow wp-block-cover-is-layout-flow\">\n<p class=\"has-text-align-center has-large-font-size\"><strong><em>\"Travel! Money comes back, time doesn't!\u201d<\/em><\/strong><\/p>\n<\/div><\/div>\n\n\n\n<hr class=\"wp-block-separator has-alpha-channel-opacity is-style-wide\"\/>\n\n\n\n<h4 class=\"wp-block-heading\"><strong><em>All countries are divided by continent, click which continent you want to go to<\/em><\/strong>!<\/h4>\n\n\n\n<hr class=\"wp-block-separator has-alpha-channel-opacity is-style-wide\"\/>\n\n\n\n<figure class=\"wp-block-gallery has-nested-images columns-default is-cropped wp-block-gallery-3 is-layout-flex wp-block-gallery-is-layout-flex\">\n<figure class=\"wp-block-image size-large wp-duotone-unset-1\"><a href=\"https:\/\/exploringhighlanders.com\/en\/europa\/\"><img decoding=\"async\" width=\"476\" height=\"612\" data-id=\"727\" src=\"https:\/\/exploringhighlanders.com\/wp-content\/uploads\/2025\/01\/istockphoto-838944612-612x612-3.jpg\" alt=\"\" class=\"wp-image-727\" srcset=\"https:\/\/exploringhighlanders.com\/wp-content\/uploads\/2025\/01\/istockphoto-838944612-612x612-3.jpg 476w, https:\/\/exploringhighlanders.com\/wp-content\/uploads\/2025\/01\/istockphoto-838944612-612x612-3-233x300.jpg 233w, https:\/\/exploringhighlanders.com\/wp-content\/uploads\/2025\/01\/istockphoto-838944612-612x612-3-9x12.jpg 9w\" sizes=\"(max-width: 476px) 100vw, 476px\" \/><\/a><figcaption class=\"wp-element-caption\"><br><a href=\"https:\/\/exploringhighlanders.com\/en\/europa\/\" title=\"Europe\"><em><strong>Europe<\/strong><\/em><\/a><\/figcaption><\/figure>\n\n\n\n<figure class=\"wp-block-image size-large\"><a href=\"https:\/\/exploringhighlanders.com\/en\/afrika-het-onbekende-continent\/\"><img decoding=\"async\" width=\"626\" height=\"626\" data-id=\"724\" src=\"https:\/\/exploringhighlanders.com\/wp-content\/uploads\/2025\/01\/free-vector-old-african-map-illustration_634294-1054.avif\" alt=\"\" class=\"wp-image-724\" srcset=\"https:\/\/exploringhighlanders.com\/wp-content\/uploads\/2025\/01\/free-vector-old-african-map-illustration_634294-1054.avif 626w, https:\/\/exploringhighlanders.com\/wp-content\/uploads\/2025\/01\/free-vector-old-african-map-illustration_634294-1054-300x300.avif 300w, https:\/\/exploringhighlanders.com\/wp-content\/uploads\/2025\/01\/free-vector-old-african-map-illustration_634294-1054-12x12.avif 12w\" sizes=\"(max-width: 626px) 100vw, 626px\" \/><\/a><figcaption class=\"wp-element-caption\"><em><strong><a href=\"https:\/\/exploringhighlanders.com\/en\/afrika-het-onbekende-continent\/\" title=\"Africa\">Africa<\/a><\/strong><\/em><\/figcaption><\/figure>\n\n\n\n<figure class=\"wp-block-image size-large wp-duotone-unset-2\"><a href=\"https:\/\/exploringhighlanders.com\/en\/azie\/\"><img loading=\"lazy\" decoding=\"async\" width=\"480\" height=\"340\" data-id=\"722\" src=\"https:\/\/exploringhighlanders.com\/wp-content\/uploads\/2025\/01\/0bf287ff6705b1f1187a9432763fd964_t.jpeg\" alt=\"\" class=\"wp-image-722\" srcset=\"https:\/\/exploringhighlanders.com\/wp-content\/uploads\/2025\/01\/0bf287ff6705b1f1187a9432763fd964_t.jpeg 480w, https:\/\/exploringhighlanders.com\/wp-content\/uploads\/2025\/01\/0bf287ff6705b1f1187a9432763fd964_t-300x213.jpeg 300w, https:\/\/exploringhighlanders.com\/wp-content\/uploads\/2025\/01\/0bf287ff6705b1f1187a9432763fd964_t-18x12.jpeg 18w\" sizes=\"(max-width: 480px) 100vw, 480px\" \/><\/a><figcaption class=\"wp-element-caption\"><strong><em><a href=\"https:\/\/exploringhighlanders.com\/en\/azie\/\" title=\"Azi\u00eb, continent van verbeelding.\">Asia<\/a><\/em><\/strong><\/figcaption><\/figure>\n<\/figure>\n\n\n\n<hr class=\"wp-block-separator has-alpha-channel-opacity is-style-wide\"\/>\n\n\n\n<div class=\"wp-block-columns are-vertically-aligned-center is-layout-flex wp-container-core-columns-is-layout-28f84493 wp-block-columns-is-layout-flex\">\n<div class=\"wp-block-column is-vertically-aligned-center is-layout-flow wp-block-column-is-layout-flow\">\n<div class=\"wp-block-font-awesome-icon wp-font-awesome-icon\" style=\"display:flex;justify-content:center\"><svg aria-hidden=\"true\" focusable=\"false\" data-prefix=\"fas\" data-icon=\"earth-europe\" class=\"svg-inline--fa fa-earth-europe\" role=\"img\" xmlns=\"http:\/\/www.w3.org\/2000\/svg\" viewbox=\"0 0 512 512\" style=\"font-size:4em\"><path fill=\"currentColor\" d=\"M256.2 48c114.8 .1 207.8 93.2 207.8 208 0 22.1-3.4 43.4-9.8 63.4-2 .4-4.1 .6-6.2 .6l-2.7 0c-8.5 0-16.6-3.4-22.6-9.4l-29.3-29.3c-6-6-9.4-14.1-9.4-22.6l0-50.7c0-8.8 7.2-16 16-16s16-7.2 16-16-7.2-16-16-16l-24 0c-13.3 0-24 10.7-24 24s-10.7 24-24 24l-56 0c-8.8 0-16 7.2-16 16s-7.2 16-16 16l-25.4 0c-12.5 0-22.6-10.1-22.6-22.6 0-6 2.4-11.8 6.6-16l70.1-70.1c2.1-2.1 3.3-5 3.3-8 0-6.2-5.1-11.3-11.3-11.3l-14.1 0c-12.5 0-22.6-10.1-22.6-22.6 0-6 2.4-11.8 6.6-16l23.1-23.1c.8-.8 1.6-1.5 2.5-2.2zM438.4 356.1c-32.8 59.6-93.9 101.4-165.2 107.2-.7-2.3-1.1-4.8-1.1-7.3 0-13.3-10.7-24-24-24l-26.7 0c-8.5 0-16.6-3.4-22.6-9.4l-29.3-29.3c-6-6-9.4-14.1-9.4-22.6l0-66.7c0-17.7 14.3-32 32-32l98.7 0c8.5 0 16.6 3.4 22.6 9.4l29.3 29.3c6 6 14.1 9.4 22.6 9.4l5.5 0c8.5 0 16.6 3.4 22.6 9.4l16 16c4.2 4.2 10 6.6 16 6.6 4.8 0 9.3 1.5 13 4.1zM256 512l26.2-1.3c-8.6 .9-17.3 1.3-26.2 1.3zm26.2-1.3C411.3 497.6 512 388.6 512 256 512 114.6 397.4 0 256 0l0 0C114.6 0 0 114.6 0 256 0 383.5 93.2 489.3 215.3 508.8 228.5 510.9 242.1 512 256 512zM187.3 123.3l-32 32c-6.2 6.2-16.4 6.2-22.6 0s-6.2-16.4 0-22.6l32-32c6.2-6.2 16.4-6.2 22.6 0s6.2 16.4 0 22.6z\"><\/path><\/svg><\/div>\n\n\n\n<h2 class=\"wp-block-heading\"><strong><em><a href=\"https:\/\/exploringhighlanders.com\/en\/europa\/\" title=\"Europe\">Europe<\/a><\/em><\/strong><\/h2>\n\n\n\n<p>As diverse as it gets! From global cities to hidden gems. From world-famous landscapes to pristine nature. Europe has it all! <\/p>\n<\/div>\n\n\n\n<div class=\"wp-block-column is-vertically-aligned-center is-layout-flow wp-block-column-is-layout-flow\">\n<div class=\"wp-block-font-awesome-icon aligncenter wp-font-awesome-icon\" style=\"display:flex;justify-content:center\"><svg aria-hidden=\"true\" focusable=\"false\" data-prefix=\"fas\" data-icon=\"earth-asia\" class=\"svg-inline--fa fa-earth-asia\" role=\"img\" xmlns=\"http:\/\/www.w3.org\/2000\/svg\" viewbox=\"0 0 512 512\" style=\"font-size:4em\"><path fill=\"currentColor\" d=\"M50 284.8c4.2 2.1 9 3.2 14 3.2l50.7 0c8.5 0 16.6 3.4 22.6 9.4l13.3 13.3c6 6 14.1 9.4 22.6 9.4l18.7 0c17.7 0 32-14.3 32-32l0-40c0-13.3 10.7-24 24-24s24-10.7 24-24l0-42.7c0-8.5 3.4-16.6 9.4-22.6l13.3-13.3c6-6 9.4-14.1 9.4-22.6L304 57c0-1.2-.1-2.3-.2-3.5-15.4-3.6-31.4-5.5-47.8-5.5-114.9 0-208 93.1-208 208 0 9.8 .7 19.4 2 28.8zm403.3 37.3c-3.2-1.4-6.7-2.1-10.5-2.1L432 320c-8.8 0-16-7.2-16-16s-7.2-16-16-16l-34.7 0c-8.5 0-16.6 3.4-22.6 9.4l-45.3 45.3c-6 6-9.4 14.1-9.4 22.6l0 18.7c0 17.7 14.3 32 32 32l18.7 0c8.5 0 16.6 3.4 22.6 9.4 2.2 2.2 4.7 4.1 7.3 5.5 39.3-25.4 69.5-63.6 84.6-108.8zM0 256a256 256 0 1 1 512 0 256 256 0 1 1 -512 0zM128 368c0 8.8 7.2 16 16 16l32 0c8.8 0 16-7.2 16-16s-7.2-16-16-16l-32 0c-8.8 0-16 7.2-16 16zM272 256c-8.8 0-16 7.2-16 16l0 32c0 8.8 7.2 16 16 16s16-7.2 16-16l0-32c0-8.8-7.2-16-16-16zm48-112l0 32c0 8.8 7.2 16 16 16s16-7.2 16-16l0-32c0-8.8-7.2-16-16-16s-16 7.2-16 16z\"><\/path><\/svg><\/div>\n\n\n\n<h2 class=\"wp-block-heading\"><strong><em><a href=\"https:\/\/exploringhighlanders.com\/en\/azie\/\" title=\"Azi\u00eb, continent van verbeelding.\">Asia<\/a><\/em><\/strong><\/h2>\n\n\n\n<p>No continent is as diverse as Asia! From the vast nature of Central Asia to the fascinating chaos of Southeast Asia! Asia is a world unto itself.<\/p>\n<\/div>\n\n\n\n<div class=\"wp-block-column is-vertically-aligned-center is-layout-flow wp-block-column-is-layout-flow\">\n<div class=\"wp-block-font-awesome-icon wp-font-awesome-icon\" style=\"display:flex;justify-content:center\"><svg aria-hidden=\"true\" focusable=\"false\" data-prefix=\"fas\" data-icon=\"earth-africa\" class=\"svg-inline--fa fa-earth-africa\" role=\"img\" xmlns=\"http:\/\/www.w3.org\/2000\/svg\" viewbox=\"0 0 512 512\" style=\"font-size:4em\"><path fill=\"currentColor\" d=\"M447.6 175c-31.6-74.6-105.5-127-191.6-127-22.1 0-43.4 3.5-63.4 9.8-.4 2-.6 4.1-.6 6.2l0 73.4c0 12.5 10.1 22.6 22.6 22.6 6 0 11.8-2.4 16-6.6l16-16c6-6 14.1-9.4 22.6-9.4l5.5 0c28.5 0 42.8 34.5 22.6 54.6-6 6-14.1 9.4-22.6 9.4l-61.5 0c-8.5 0-16.6 3.4-22.6 9.4l-21.3 21.3c-6 6-9.4 14.1-9.4 22.6l0 42.7c0 17.7 14.3 32 32 32l32 0c17.7 0 32 14.3 32 32l0 32c0 17.7 14.3 32 32 32l2.7 0c8.5 0 16.6-3.4 22.6-9.4l29.3-29.3c6-6 9.4-14.1 9.4-22.6l0-18.7c0-8.8 7.2-16 16-16s16-7.2 16-16l0-34.7c0-8.5-3.4-16.6-9.4-22.6l-16-16c-4.2-4.2-6.6-10-6.6-16 0-12.5 10.1-22.6 22.6-22.6l45 0c12.4 0 22.7-7.1 28-17zM0 256a256 256 0 1 1 512 0 256 256 0 1 1 -512 0z\"><\/path><\/svg><\/div>\n\n\n\n<h2 class=\"wp-block-heading\"><strong><em><a href=\"https:\/\/exploringhighlanders.com\/en\/afrika-het-onbekende-continent\/\" title=\"Africa\">Africa<\/a><\/em><\/strong><\/h2>\n\n\n\n<p>The continent where travelers can experience the most authentic experiences! From stunning nature to incredibly cool cities! And all this on a largely unknown continent.<\/p>\n<\/div>\n<\/div>\n\n\n\n<hr class=\"wp-block-separator alignfull has-alpha-channel-opacity is-style-wide\"\/>\n\n\n\n<p>From the familiar Europe, which has a surprising amount of variety, to the adventurous Asia and Africa. Through our travels we have already been able to see a lot of beautiful things in the world. For inspiration to the least visited countries in the world, or a city trip close to home! We have had a lot of fun making an overview of the countries we have visited! <\/p>\n\n\n\n<hr class=\"wp-block-separator has-alpha-channel-opacity is-style-wide\"\/>\n\n\n\n<figure class=\"wp-block-image aligncenter size-large is-resized\"><img loading=\"lazy\" decoding=\"async\" width=\"1024\" height=\"651\" src=\"https:\/\/exploringhighlanders.com\/wp-content\/uploads\/2024\/07\/cropped-cropped-IMG_6036-scaled-1-1024x651.jpg\" alt=\"\" class=\"wp-image-159\" style=\"width:609px;height:auto\" srcset=\"https:\/\/exploringhighlanders.com\/wp-content\/uploads\/2024\/07\/cropped-cropped-IMG_6036-scaled-1-1024x651.jpg 1024w, https:\/\/exploringhighlanders.com\/wp-content\/uploads\/2024\/07\/cropped-cropped-IMG_6036-scaled-1-300x191.jpg 300w, https:\/\/exploringhighlanders.com\/wp-content\/uploads\/2024\/07\/cropped-cropped-IMG_6036-scaled-1-768x488.jpg 768w, https:\/\/exploringhighlanders.com\/wp-content\/uploads\/2024\/07\/cropped-cropped-IMG_6036-scaled-1-1536x977.jpg 1536w, https:\/\/exploringhighlanders.com\/wp-content\/uploads\/2024\/07\/cropped-cropped-IMG_6036-scaled-1-18x12.jpg 18w, https:\/\/exploringhighlanders.com\/wp-content\/uploads\/2024\/07\/cropped-cropped-IMG_6036-scaled-1.jpg 1948w\" sizes=\"(max-width: 1024px) 100vw, 1024px\" \/><\/figure>\n\n\n\n<p><\/p>","protected":false},"excerpt":{"rendered":"<p>Alle landen zijn onderverdeeld per continent, klik naar welk continent je heen wilt! Europa Zo veelzijdig als maar zijn kan! Van wereldsteden tot onbekende pareltjes. Van wereldberoemde landschappen tot ongerepte natuur. Europa heeft het! Azi\u00eb Geen continent zo veelzijdig als Azi\u00eb! Van de uitgestrekte natuur in Centraal-Azi\u00eb. Tot fascinerende chaos in Zuidoost Azi\u00eb! Azi\u00eb is [&hellip;]<\/p>\n","protected":false},"author":1,"featured_media":0,"parent":0,"menu_order":0,"comment_status":"closed","ping_status":"closed","template":"","meta":{"om_disable_all_campaigns":false,"_monsterinsights_skip_tracking":false,"_monsterinsights_sitenote_active":false,"_monsterinsights_sitenote_note":"","_monsterinsights_sitenote_category":0,"site-sidebar-layout":"default","site-content-layout":"","ast-site-content-layout":"default","site-content-style":"default","site-sidebar-style":"default","ast-global-header-display":"","ast-banner-title-visibility":"","ast-main-header-display":"","ast-hfb-above-header-display":"","ast-hfb-below-header-display":"","ast-hfb-mobile-header-display":"","site-post-title":"","ast-breadcrumbs-content":"","ast-featured-img":"","footer-sml-layout":"","ast-disable-related-posts":"","theme-transparent-header-meta":"","adv-header-id-meta":"","stick-header-meta":"","header-above-stick-meta":"","header-main-stick-meta":"","header-below-stick-meta":"","astra-migrate-meta-layouts":"default","ast-page-background-enabled":"default","ast-page-background-meta":{"desktop":{"background-color":"var(--ast-global-color-4)","background-image":"","background-repeat":"repeat","background-position":"center center","background-size":"auto","background-attachment":"scroll","background-type":"","background-media":"","overlay-type":"","overlay-color":"","overlay-opacity":"","overlay-gradient":""},"tablet":{"background-color":"","background-image":"","background-repeat":"repeat","background-position":"center center","background-size":"auto","background-attachment":"scroll","background-type":"","background-media":"","overlay-type":"","overlay-color":"","overlay-opacity":"","overlay-gradient":""},"mobile":{"background-color":"","background-image":"","background-repeat":"repeat","background-position":"center center","background-size":"auto","background-attachment":"scroll","background-type":"","background-media":"","overlay-type":"","overlay-color":"","overlay-opacity":"","overlay-gradient":""}},"ast-content-background-meta":{"desktop":{"background-color":"var(--ast-global-color-5)","background-image":"","background-repeat":"repeat","background-position":"center center","background-size":"auto","background-attachment":"scroll","background-type":"","background-media":"","overlay-type":"","overlay-color":"","overlay-opacity":"","overlay-gradient":""},"tablet":{"background-color":"var(--ast-global-color-5)","background-image":"","background-repeat":"repeat","background-position":"center center","background-size":"auto","background-attachment":"scroll","background-type":"","background-media":"","overlay-type":"","overlay-color":"","overlay-opacity":"","overlay-gradient":""},"mobile":{"background-color":"var(--ast-global-color-5)","background-image":"","background-repeat":"repeat","background-position":"center center","background-size":"auto","background-attachment":"scroll","background-type":"","background-media":"","overlay-type":"","overlay-color":"","overlay-opacity":"","overlay-gradient":""}},"footnotes":""},"class_list":["post-53","page","type-page","status-publish","hentry"],"aioseo_notices":[],"brizy_media":[],"_links":{"self":[{"href":"https:\/\/exploringhighlanders.com\/en\/wp-json\/wp\/v2\/pages\/53","targetHints":{"allow":["GET"]}}],"collection":[{"href":"https:\/\/exploringhighlanders.com\/en\/wp-json\/wp\/v2\/pages"}],"about":[{"href":"https:\/\/exploringhighlanders.com\/en\/wp-json\/wp\/v2\/types\/page"}],"author":[{"embeddable":true,"href":"https:\/\/exploringhighlanders.com\/en\/wp-json\/wp\/v2\/users\/1"}],"replies":[{"embeddable":true,"href":"https:\/\/exploringhighlanders.com\/en\/wp-json\/wp\/v2\/comments?post=53"}],"version-history":[{"count":5,"href":"https:\/\/exploringhighlanders.com\/en\/wp-json\/wp\/v2\/pages\/53\/revisions"}],"predecessor-version":[{"id":832,"href":"https:\/\/exploringhighlanders.com\/en\/wp-json\/wp\/v2\/pages\/53\/revisions\/832"}],"wp:attachment":[{"href":"https:\/\/exploringhighlanders.com\/en\/wp-json\/wp\/v2\/media?parent=53"}],"curies":[{"name":"wp","href":"https:\/\/api.w.org\/{rel}","templated":true}]}}